{"id":1966,"date":"2021-07-20T10:06:20","date_gmt":"2021-07-20T08:06:20","guid":{"rendered":"https:\/\/afrik-prices.com\/old\/?post_type=product&#038;p=1966"},"modified":"2025-07-06T13:34:45","modified_gmt":"2025-07-06T11:34:45","slug":"alepsal-150mg-comprime-boite-30","status":"publish","type":"product","link":"https:\/\/afrik-prices.com\/old\/produit\/alepsal-150mg-comprime-boite-30\/","title":{"rendered":"Alepsal 150 mg comprim\u00e9 bo\u00eete de 30"},"content":{"rendered":"","protected":false},"excerpt":{"rendered":"<p>Crise \u00e9pileptique clonique , crise \u00e9pileptique tonique, crise \u00e9pileptique tonico-clonique, crise \u00e9pileptique partielle avec ou sans g\u00e9n\u00e9ralisation secondaire<\/p>\n","protected":false},"featured_media":1967,"comment_status":"open","ping_status":"closed","template":"","meta":[],"product_cat":[34],"product_tag":[],"class_list":["post-1966","product","type-product","status-publish","has-post-thumbnail","hentry","product_cat-pharmacie"],"_links":{"self":[{"href":"https:\/\/afrik-prices.com\/old\/wp-json\/wp\/v2\/product\/1966","targetHints":{"allow":["GET"]}}],"collection":[{"href":"https:\/\/afrik-prices.com\/old\/wp-json\/wp\/v2\/product"}],"about":[{"href":"https:\/\/afrik-prices.com\/old\/wp-json\/wp\/v2\/types\/product"}],"replies":[{"embeddable":true,"href":"https:\/\/afrik-prices.com\/old\/wp-json\/wp\/v2\/comments?post=1966"}],"version-history":[{"count":3,"href":"https:\/\/afrik-prices.com\/old\/wp-json\/wp\/v2\/product\/1966\/revisions"}],"predecessor-version":[{"id":2224,"href":"https:\/\/afrik-prices.com\/old\/wp-json\/wp\/v2\/product\/1966\/revisions\/2224"}],"wp:featuredmedia":[{"embeddable":true,"href":"https:\/\/afrik-prices.com\/old\/wp-json\/wp\/v2\/media\/1967"}],"wp:attachment":[{"href":"https:\/\/afrik-prices.com\/old\/wp-json\/wp\/v2\/media?parent=1966"}],"wp:term":[{"taxonomy":"product_cat","embeddable":true,"href":"https:\/\/afrik-prices.com\/old\/wp-json\/wp\/v2\/product_cat?post=1966"},{"taxonomy":"product_tag","embeddable":true,"href":"https:\/\/afrik-prices.com\/old\/wp-json\/wp\/v2\/product_tag?post=1966"}],"curies":[{"name":"wp","href":"https:\/\/api.w.org\/{rel}","templated":true}]}}